{"id":21208,"date":"2024-12-17T17:58:22","date_gmt":"2024-12-17T17:58:22","guid":{"rendered":"https:\/\/greenwind.online\/site\/?page_id=21208"},"modified":"2025-06-22T20:54:07","modified_gmt":"2025-06-22T20:54:07","slug":"terminos-y-condiciones-instalacion","status":"publish","type":"page","link":"https:\/\/greenwind.online\/site\/terminos-y-condiciones-instalacion\/","title":{"rendered":"T\u00e9rminos y Condiciones Instalaci\u00f3n"},"content":{"rendered":"<p><div class=\"fusion-fullwidth fullwidth-box fusion-builder-row-1 fusion-flex-container has-pattern-background has-mask-background hundred-percent-fullwidth non-hundred-percent-height-scrolling\" style=\"--awb-border-radius-top-left:0px;--awb-border-radius-top-right:0px;--awb-border-radius-bottom-right:0px;--awb-border-radius-bottom-left:0px;--awb-flex-wrap:wrap;\" ><div class=\"fusion-builder-row fusion-row fusion-flex-align-items-flex-start fusion-flex-content-wrap\" style=\"width:104% !important;max-width:104% !important;margin-left: calc(-4% \/ 2 );margin-right: calc(-4% \/ 2 );\"><div class=\"fusion-layout-column fusion_builder_column fusion-builder-column-0 fusion_builder_column_1_1 1_1 fusion-flex-column\" style=\"--awb-bg-size:cover;--awb-width-large:100%;--awb-margin-top-large:20px;--awb-spacing-right-large:1.92%;--awb-margin-bottom-large:15px;--awb-spacing-left-large:1.92%;--awb-width-medium:100%;--awb-order-medium:0;--awb-spacing-right-medium:1.92%;--awb-spacing-left-medium:1.92%;--awb-width-small:100%;--awb-order-small:0;--awb-spacing-right-small:1.92%;--awb-spacing-left-small:1.92%;\"><div class=\"fusion-column-wrapper fusion-column-has-shadow fusion-flex-justify-content-flex-start fusion-content-layout-column\"><div class=\"fusion-title title fusion-title-1 fusion-title-center fusion-title-text fusion-title-size-two\"><div class=\"title-sep-container title-sep-container-left\"><div class=\"title-sep sep- sep-solid\" style=\"border-color:var(--awb-color3);\"><\/div><\/div><span class=\"awb-title-spacer\"><\/span><h2 class=\"fusion-title-heading title-heading-center fusion-responsive-typography-calculated\" style=\"margin:0;--fontSize:38;line-height:var(--awb-typography1-line-height);\"><h2 style=\"text-align: center;\"><span style=\"color: #808080;\">GARANT\u00cdAS<br \/>\nT\u00c9RMINOS Y CONDICIONES<\/span><\/h2><\/h2><span class=\"awb-title-spacer\"><\/span><div class=\"title-sep-container title-sep-container-right\"><div class=\"title-sep sep- sep-solid\" style=\"border-color:var(--awb-color3);\"><\/div><\/div><\/div><\/div><\/div><\/div><\/div><div class=\"fusion-fullwidth fullwidth-box fusion-builder-row-2 fusion-flex-container has-pattern-background has-mask-background nonhundred-percent-fullwidth non-hundred-percent-height-scrolling\" style=\"--awb-border-radius-top-left:0px;--awb-border-radius-top-right:0px;--awb-border-radius-bottom-right:0px;--awb-border-radius-bottom-left:0px;--awb-padding-top:30px;--awb-background-color:#e8f5e1;--awb-flex-wrap:wrap;\" ><div class=\"fusion-builder-row fusion-row fusion-flex-align-items-flex-start fusion-flex-content-wrap\" style=\"max-width:1216.8px;margin-left: calc(-4% \/ 2 );margin-right: calc(-4% \/ 2 );\"><div class=\"fusion-layout-column fusion_builder_column fusion-builder-column-1 fusion_builder_column_3_5 3_5 fusion-flex-column fusion-flex-align-self-flex-start\" style=\"--awb-bg-size:cover;--awb-width-large:60%;--awb-margin-top-large:15px;--awb-spacing-right-large:3.2%;--awb-margin-bottom-large:15px;--awb-spacing-left-large:3.2%;--awb-width-medium:100%;--awb-order-medium:0;--awb-spacing-right-medium:1.92%;--awb-spacing-left-medium:1.92%;--awb-width-small:100%;--awb-order-small:0;--awb-spacing-right-small:1.92%;--awb-spacing-left-small:1.92%;\"><div class=\"fusion-column-wrapper fusion-column-has-shadow fusion-flex-justify-content-flex-start fusion-content-layout-column\"><div class=\"fusion-title title fusion-title-2 fusion-title-text fusion-title-size-five\" style=\"--awb-text-color:#66995f;--awb-font-size:22px;\"><div class=\"title-sep-container title-sep-container-left fusion-no-large-visibility fusion-no-medium-visibility fusion-no-small-visibility\"><div class=\"title-sep sep- sep-solid\" style=\"border-color:var(--awb-color3);\"><\/div><\/div><span class=\"awb-title-spacer fusion-no-large-visibility fusion-no-medium-visibility fusion-no-small-visibility\"><\/span><h5 class=\"fusion-title-heading title-heading-left fusion-responsive-typography-calculated\" style=\"margin:0;font-size:1em;--fontSize:22;--minFontSize:22;line-height:var(--awb-typography1-line-height);\"><p style=\"text-align: center;\"><span style=\"color: #66995f;\"><strong>AIRES ACONDICIONADO <\/strong><\/span><span style=\"color: #66995f;\"><strong>CON <em>INSTALACI\u00d3N INCLUIDA<\/em><\/strong><\/span><\/p><\/h5><span class=\"awb-title-spacer\"><\/span><div class=\"title-sep-container title-sep-container-right\"><div class=\"title-sep sep- sep-solid\" style=\"border-color:var(--awb-color3);\"><\/div><\/div><\/div><div class=\"fusion-text fusion-text-1\"><p><span style=\"color: #ff6600;\">T\u00e9rminos y condiciones \u00fanicamente para las publicaciones en Mercadolibre que en su <strong>t\u00edtulo incluye<\/strong> <strong><em>\u00abinstalaci\u00f3n incluida\u00bb<\/em><\/strong><\/span><\/p>\n<p><strong>COORDINACI\u00d3N INICIAL<\/strong>:<br \/>\nEn cuanto el equipo se encuentra en su domicilio, coordinar con el <strong>SERVICE OFICIAL KOSTEL: 2305 7777<\/strong><\/p>\n<\/div><\/div><\/div><div class=\"fusion-layout-column fusion_builder_column fusion-builder-column-2 fusion_builder_column_2_5 2_5 fusion-flex-column fusion-flex-align-self-center\" style=\"--awb-bg-size:cover;--awb-width-large:40%;--awb-margin-top-large:15px;--awb-spacing-right-large:4.8%;--awb-margin-bottom-large:15px;--awb-spacing-left-large:4.8%;--awb-width-medium:100%;--awb-order-medium:0;--awb-spacing-right-medium:1.92%;--awb-spacing-left-medium:1.92%;--awb-width-small:100%;--awb-order-small:0;--awb-spacing-right-small:1.92%;--awb-spacing-left-small:1.92%;\"><div class=\"fusion-column-wrapper fusion-column-has-shadow fusion-flex-justify-content-flex-start fusion-content-layout-column\"><div class=\"fusion-image-element \" style=\"--awb-caption-title-font-family:var(--h2_typography-font-family);--awb-caption-title-font-weight:var(--h2_typography-font-weight);--awb-caption-title-font-style:var(--h2_typography-font-style);--awb-caption-title-size:var(--h2_typography-font-size);--awb-caption-title-transform:var(--h2_typography-text-transform);--awb-caption-title-line-height:var(--h2_typography-line-height);--awb-caption-title-letter-spacing:var(--h2_typography-letter-spacing);\"><span class=\" fusion-imageframe imageframe-none imageframe-1 hover-type-none\"><img decoding=\"async\" width=\"1024\" height=\"723\" alt=\"instalaci\u00f3n incluida, muestra de publicacion, ejemplo\" title=\"instalacion inc\" src=\"https:\/\/i0.wp.com\/greenwind.online\/site\/wp-content\/uploads\/2025\/06\/instalacion-inc.webp?fit=1942%2C1372&ssl=1\" data-orig-src=\"https:\/\/greenwind.online\/site\/wp-content\/uploads\/2025\/06\/instalacion-inc-1024x723.webp\" class=\"lazyload img-responsive wp-image-21328\" srcset=\"data:image\/svg+xml,%3Csvg%20xmlns%3D%27http%3A%2F%2Fwww.w3.org%2F2000%2Fsvg%27%20width%3D%271942%27%20height%3D%271372%27%20viewBox%3D%270%200%201942%201372%27%3E%3Crect%20width%3D%271942%27%20height%3D%271372%27%20fill-opacity%3D%220%22%2F%3E%3C%2Fsvg%3E\" data-srcset=\"https:\/\/i0.wp.com\/greenwind.online\/site\/wp-content\/uploads\/2025\/06\/instalacion-inc.webp?resize=200%2C141&amp;ssl=1 200w, https:\/\/i0.wp.com\/greenwind.online\/site\/wp-content\/uploads\/2025\/06\/instalacion-inc.webp?resize=300%2C212&amp;ssl=1 300w, https:\/\/i0.wp.com\/greenwind.online\/site\/wp-content\/uploads\/2025\/06\/instalacion-inc.webp?resize=400%2C283&amp;ssl=1 400w, https:\/\/i0.wp.com\/greenwind.online\/site\/wp-content\/uploads\/2025\/06\/instalacion-inc.webp?resize=600%2C424&amp;ssl=1 600w, https:\/\/i0.wp.com\/greenwind.online\/site\/wp-content\/uploads\/2025\/06\/instalacion-inc.webp?resize=768%2C543&amp;ssl=1 768w, https:\/\/i0.wp.com\/greenwind.online\/site\/wp-content\/uploads\/2025\/06\/instalacion-inc.webp?resize=800%2C565&amp;ssl=1 800w, https:\/\/i0.wp.com\/greenwind.online\/site\/wp-content\/uploads\/2025\/06\/instalacion-inc.webp?resize=1024%2C723&amp;ssl=1 1024w, https:\/\/i0.wp.com\/greenwind.online\/site\/wp-content\/uploads\/2025\/06\/instalacion-inc.webp?resize=1200%2C848&amp;ssl=1 1200w, https:\/\/i0.wp.com\/greenwind.online\/site\/wp-content\/uploads\/2025\/06\/instalacion-inc.webp?resize=1536%2C1085&amp;ssl=1 1536w, https:\/\/i0.wp.com\/greenwind.online\/site\/wp-content\/uploads\/2025\/06\/instalacion-inc.webp?fit=1942%2C1372&amp;ssl=1 1942w\" data-sizes=\"auto\" data-orig-sizes=\"(max-width: 1024px) 100vw, (max-width: 640px) 100vw, 600px\" \/><\/span><\/div><\/div><\/div><div class=\"fusion-layout-column fusion_builder_column fusion-builder-column-3 fusion_builder_column_1_2 1_2 fusion-flex-column\" style=\"--awb-padding-top:10px;--awb-padding-right:20px;--awb-padding-bottom:10px;--awb-padding-left:20px;--awb-overflow:hidden;--awb-bg-color:#f4f4f4;--awb-bg-color-hover:#f4f4f4;--awb-bg-size:cover;--awb-border-color:#ffffff;--awb-border-top:2px;--awb-border-right:2px;--awb-border-bottom:2px;--awb-border-left:2px;--awb-border-style:solid;--awb-border-radius:10px 10px 10px 10px;--awb-width-large:50%;--awb-margin-top-large:15px;--awb-spacing-right-large:3.84%;--awb-margin-bottom-large:15px;--awb-spacing-left-large:3.84%;--awb-width-medium:100%;--awb-order-medium:0;--awb-spacing-right-medium:1.92%;--awb-spacing-left-medium:1.92%;--awb-width-small:100%;--awb-order-small:0;--awb-spacing-right-small:1.92%;--awb-spacing-left-small:1.92%;\"><div class=\"fusion-column-wrapper fusion-column-has-shadow fusion-flex-justify-content-flex-start fusion-content-layout-row\"><div class=\"fusion-title title fusion-title-3 fusion-title-text fusion-title-size-five\" style=\"--awb-text-color:#66995f;--awb-font-size:20px;\"><div class=\"title-sep-container title-sep-container-left fusion-no-large-visibility fusion-no-medium-visibility fusion-no-small-visibility\"><div class=\"title-sep sep- sep-solid\" style=\"border-color:var(--awb-color3);\"><\/div><\/div><span class=\"awb-title-spacer fusion-no-large-visibility fusion-no-medium-visibility fusion-no-small-visibility\"><\/span><h5 class=\"fusion-title-heading title-heading-left fusion-responsive-typography-calculated\" style=\"margin:0;font-size:1em;--fontSize:20;--minFontSize:20;line-height:var(--awb-typography1-line-height);\"><p style=\"text-align: left;\"><span style=\"color: #808080;\"><strong>QU\u00c9 INCLUYE la instalaci\u00f3n b\u00e1sica incluida?<\/strong><\/span><\/p><\/h5><span class=\"awb-title-spacer\"><\/span><div class=\"title-sep-container title-sep-container-right\"><div class=\"title-sep sep- sep-solid\" style=\"border-color:var(--awb-color3);\"><\/div><\/div><\/div><div class=\"fusion-text fusion-text-2\"><div class=\"s6\"><\/div>\n<p><span class=\"s4\">\u25cf <\/span><span class=\"s5\">El equipo de Aire Acondicionado adquirido incluye 3 mts de ca\u00f1er\u00eda de cobre con su correspondiente aislaci\u00f3n<\/span><\/p>\n<p><span class=\"s4\">\u25cf <\/span><span class=\"s5\">Instalaci\u00f3n de unidad interior en el lugar indicado por el cliente (verificado previamente por el instalador)<\/span><\/p>\n<p><span class=\"s4\">\u25cf <\/span><span class=\"s5\">Conexi\u00f3n entre la unidad interior y la exterior (dentro de esos 3 metros de ca\u00f1er\u00eda)<\/span><\/p>\n<div class=\"s11\"><\/div>\n<\/div><\/div><\/div><div class=\"fusion-layout-column fusion_builder_column fusion-builder-column-4 fusion_builder_column_1_2 1_2 fusion-flex-column\" style=\"--awb-padding-top:10px;--awb-padding-right:20px;--awb-padding-bottom:10px;--awb-padding-left:20px;--awb-overflow:hidden;--awb-bg-color:#f4f4f4;--awb-bg-color-hover:#f4f4f4;--awb-bg-size:cover;--awb-border-color:#ffffff;--awb-border-top:1px;--awb-border-right:1px;--awb-border-bottom:1px;--awb-border-left:1px;--awb-border-style:solid;--awb-border-radius:10px 10px 10px 10px;--awb-width-large:50%;--awb-margin-top-large:15px;--awb-spacing-right-large:3.84%;--awb-margin-bottom-large:15px;--awb-spacing-left-large:3.84%;--awb-width-medium:100%;--awb-order-medium:0;--awb-spacing-right-medium:1.92%;--awb-spacing-left-medium:1.92%;--awb-width-small:100%;--awb-order-small:0;--awb-spacing-right-small:1.92%;--awb-spacing-left-small:1.92%;\"><div class=\"fusion-column-wrapper fusion-column-has-shadow fusion-flex-justify-content-flex-start fusion-content-layout-row\"><div class=\"fusion-title title fusion-title-4 fusion-title-text fusion-title-size-five\" style=\"--awb-text-color:#66995f;--awb-font-size:20px;\"><div class=\"title-sep-container title-sep-container-left fusion-no-large-visibility fusion-no-medium-visibility fusion-no-small-visibility\"><div class=\"title-sep sep- sep-solid\" style=\"border-color:var(--awb-color3);\"><\/div><\/div><span class=\"awb-title-spacer fusion-no-large-visibility fusion-no-medium-visibility fusion-no-small-visibility\"><\/span><h5 class=\"fusion-title-heading title-heading-left fusion-responsive-typography-calculated\" style=\"margin:0;font-size:1em;--fontSize:20;--minFontSize:20;line-height:var(--awb-typography1-line-height);\"><p style=\"text-align: left;\"><span style=\"color: #808080;\"><strong>QU\u00c9 NO INCLUYE la instalaci\u00f3n b\u00e1sica incluida?<\/strong><\/span><\/p><\/h5><span class=\"awb-title-spacer\"><\/span><div class=\"title-sep-container title-sep-container-right\"><div class=\"title-sep sep- sep-solid\" style=\"border-color:var(--awb-color3);\"><\/div><\/div><\/div><div class=\"fusion-text fusion-text-3\"><p><span class=\"s4\">\u25cf <\/span><span class=\"s5\">M\u00e9nsulas para la colocaci\u00f3n en altura de la unidad exterior en caso de ser necesario<\/span><\/p>\n<p><span class=\"s4\">\u25cf <\/span><span class=\"s5\">Instalaci\u00f3n el\u00e9ctrica de las unidades<\/span><\/p>\n<p><span class=\"s4\">\u25cf <\/span>En el caso de que la distancia entre unidad interior y exterior sea mayor a 3 metros, conllevar\u00e1 el costo adicional necesario seg\u00fan el metraje extra.<\/p>\n<div class=\"s11\"><\/div>\n<\/div><\/div><\/div><div class=\"fusion-layout-column fusion_builder_column fusion-builder-column-5 fusion_builder_column_1_3 1_3 fusion-flex-column fusion-flex-align-self-flex-start\" style=\"--awb-padding-right:30px;--awb-bg-size:cover;--awb-border-color:#ffffff;--awb-border-right:2px;--awb-border-style:dotted;--awb-width-large:33.333333333333%;--awb-margin-top-large:15px;--awb-spacing-right-large:5.76%;--awb-margin-bottom-large:15px;--awb-spacing-left-large:5.76%;--awb-width-medium:100%;--awb-order-medium:0;--awb-spacing-right-medium:1.92%;--awb-spacing-left-medium:1.92%;--awb-width-small:100%;--awb-order-small:0;--awb-spacing-right-small:1.92%;--awb-spacing-left-small:1.92%;\"><div class=\"fusion-column-wrapper fusion-column-has-shadow fusion-flex-justify-content-center fusion-content-layout-row\"><div class=\"fusion-title title fusion-title-5 fusion-title-text fusion-title-size-five\" style=\"--awb-text-color:#66995f;--awb-font-size:20px;\"><div class=\"title-sep-container title-sep-container-left fusion-no-large-visibility fusion-no-medium-visibility fusion-no-small-visibility\"><div class=\"title-sep sep- sep-solid\" style=\"border-color:var(--awb-color3);\"><\/div><\/div><span class=\"awb-title-spacer fusion-no-large-visibility fusion-no-medium-visibility fusion-no-small-visibility\"><\/span><h5 class=\"fusion-title-heading title-heading-left fusion-responsive-typography-calculated\" style=\"margin:0;font-size:1em;--fontSize:20;--minFontSize:20;line-height:var(--awb-typography1-line-height);\"><p style=\"text-align: left;\"><span style=\"color: #808080;\"><strong>SERVICE OFICIAL<\/strong><\/span><\/p><\/h5><span class=\"awb-title-spacer\"><\/span><div class=\"title-sep-container title-sep-container-right\"><div class=\"title-sep sep- sep-solid\" style=\"border-color:var(--awb-color3);\"><\/div><\/div><\/div><div class=\"fusion-image-element \" style=\"--awb-caption-title-font-family:var(--h2_typography-font-family);--awb-caption-title-font-weight:var(--h2_typography-font-weight);--awb-caption-title-font-style:var(--h2_typography-font-style);--awb-caption-title-size:var(--h2_typography-font-size);--awb-caption-title-transform:var(--h2_typography-text-transform);--awb-caption-title-line-height:var(--h2_typography-line-height);--awb-caption-title-letter-spacing:var(--h2_typography-letter-spacing);\"><span class=\" fusion-imageframe imageframe-none imageframe-2 hover-type-none\"><img decoding=\"async\" width=\"300\" height=\"179\" alt=\"Logo Kostel\" title=\"Kostel-01\" src=\"https:\/\/i0.wp.com\/greenwind.online\/site\/wp-content\/uploads\/2022\/11\/Kostel-01.png?fit=500%2C298&ssl=1\" data-orig-src=\"https:\/\/greenwind.online\/site\/wp-content\/uploads\/2022\/11\/Kostel-01-300x179.png\" class=\"lazyload img-responsive wp-image-20757\" srcset=\"data:image\/svg+xml,%3Csvg%20xmlns%3D%27http%3A%2F%2Fwww.w3.org%2F2000%2Fsvg%27%20width%3D%27500%27%20height%3D%27298%27%20viewBox%3D%270%200%20500%20298%27%3E%3Crect%20width%3D%27500%27%20height%3D%27298%27%20fill-opacity%3D%220%22%2F%3E%3C%2Fsvg%3E\" data-srcset=\"https:\/\/i0.wp.com\/greenwind.online\/site\/wp-content\/uploads\/2022\/11\/Kostel-01.png?resize=200%2C119&amp;ssl=1 200w, https:\/\/i0.wp.com\/greenwind.online\/site\/wp-content\/uploads\/2022\/11\/Kostel-01.png?resize=300%2C179&amp;ssl=1 300w, https:\/\/i0.wp.com\/greenwind.online\/site\/wp-content\/uploads\/2022\/11\/Kostel-01.png?resize=400%2C238&amp;ssl=1 400w, https:\/\/i0.wp.com\/greenwind.online\/site\/wp-content\/uploads\/2022\/11\/Kostel-01.png?fit=500%2C298&amp;ssl=1 500w\" data-sizes=\"auto\" data-orig-sizes=\"(max-width: 1024px) 100vw, (max-width: 640px) 100vw, 400px\" \/><\/span><\/div><div class=\"fusion-title title fusion-title-6 fusion-title-text fusion-title-size-five\" style=\"--awb-text-color:#66995f;--awb-margin-top:20px;--awb-font-size:20px;\"><div class=\"title-sep-container title-sep-container-left fusion-no-large-visibility fusion-no-medium-visibility fusion-no-small-visibility\"><div class=\"title-sep sep- sep-solid\" style=\"border-color:var(--awb-color3);\"><\/div><\/div><span class=\"awb-title-spacer fusion-no-large-visibility fusion-no-medium-visibility fusion-no-small-visibility\"><\/span><h5 class=\"fusion-title-heading title-heading-left fusion-responsive-typography-calculated\" style=\"margin:0;font-size:1em;--fontSize:20;--minFontSize:20;line-height:var(--awb-typography1-line-height);\"><p style=\"text-align: left;\"><span style=\"color: #808080;\"><strong>TEL.: 2305 7777<\/strong><\/span><\/p><\/h5><span class=\"awb-title-spacer\"><\/span><div class=\"title-sep-container title-sep-container-right\"><div class=\"title-sep sep- sep-solid\" style=\"border-color:var(--awb-color3);\"><\/div><\/div><\/div><\/div><\/div><div class=\"fusion-layout-column fusion_builder_column fusion-builder-column-6 fusion_builder_column_2_3 2_3 fusion-flex-column\" style=\"--awb-bg-size:cover;--awb-width-large:66.666666666667%;--awb-margin-top-large:15px;--awb-spacing-right-large:2.88%;--awb-margin-bottom-large:15px;--awb-spacing-left-large:2.88%;--awb-width-medium:100%;--awb-order-medium:0;--awb-spacing-right-medium:1.92%;--awb-spacing-left-medium:1.92%;--awb-width-small:100%;--awb-order-small:0;--awb-spacing-right-small:1.92%;--awb-spacing-left-small:1.92%;\"><div class=\"fusion-column-wrapper fusion-column-has-shadow fusion-flex-justify-content-flex-start fusion-content-layout-column\"><div class=\"fusion-title title fusion-title-7 fusion-title-text fusion-title-size-five\" style=\"--awb-text-color:#66995f;--awb-font-size:24px;\"><div class=\"title-sep-container title-sep-container-left fusion-no-large-visibility fusion-no-medium-visibility fusion-no-small-visibility\"><div class=\"title-sep sep- sep-solid\" style=\"border-color:var(--awb-color3);\"><\/div><\/div><span class=\"awb-title-spacer fusion-no-large-visibility fusion-no-medium-visibility fusion-no-small-visibility\"><\/span><h5 class=\"fusion-title-heading title-heading-left fusion-responsive-typography-calculated\" style=\"margin:0;font-size:1em;--fontSize:24;line-height:var(--awb-typography1-line-height);\"><p style=\"text-align: left;\"><span style=\"color: #66995f;\"><strong>*Importante:<\/strong><\/span><\/p><\/h5><span class=\"awb-title-spacer\"><\/span><div class=\"title-sep-container title-sep-container-right\"><div class=\"title-sep sep- sep-solid\" style=\"border-color:var(--awb-color3);\"><\/div><\/div><\/div><div class=\"fusion-text fusion-text-4\"><div class=\"s6\"><\/div>\n<p>Para los puntos <strong>no incluidos<\/strong> en la instalaci\u00f3n base detallada anteriormente, <strong>se determinar\u00e1n los costos adicionales directamente con el Service Oficial KOSTEL<\/strong>. Siendo los mismos abonados directamente con ellos.<\/p>\n<p><em><strong>NOTA:<\/strong> Los detalles de instalaci\u00f3n incluida son exclusivamente para las publicaciones indicadas en su t\u00edtulo como \u00abCON INSTALACI\u00d3N INCLUIDA\u00bb.<\/em><\/p>\n<div class=\"s11\"><\/div>\n<\/div><div style=\"text-align:left;\"><a class=\"fusion-button button-flat button-medium button-default fusion-button-default button-1 fusion-button-default-span fusion-button-default-type\" style=\"--button_margin-top:10px;\" target=\"_blank\" rel=\"noopener noreferrer\" href=\"https:\/\/www.mercadolibre.com.uy\/tienda\/greenwind\/aires-acondicionados\"><span class=\"fusion-button-text awb-button__text awb-button__text--default\">VER PUBLICACIONES!<\/span><i class=\"fa-angle-right fas awb-button__icon awb-button__icon--default button-icon-right\" aria-hidden=\"true\"><\/i><\/a><\/div><\/div><\/div><div class=\"fusion-layout-column fusion_builder_column fusion-builder-column-7 fusion_builder_column_1_1 1_1 fusion-flex-column\" style=\"--awb-bg-size:cover;--awb-width-large:100%;--awb-margin-top-large:15px;--awb-spacing-right-large:1.92%;--awb-margin-bottom-large:15px;--awb-spacing-left-large:1.92%;--awb-width-medium:100%;--awb-order-medium:0;--awb-spacing-right-medium:1.92%;--awb-spacing-left-medium:1.92%;--awb-width-small:100%;--awb-order-small:0;--awb-spacing-right-small:1.92%;--awb-spacing-left-small:1.92%;\"><div class=\"fusion-column-wrapper fusion-column-has-shadow fusion-flex-justify-content-flex-start fusion-content-layout-column\"><div class=\"fusion-text fusion-text-5\"><p class=\"s10\"><strong><span class=\"s2\">T\u00c9RMINOS Y CONDICIONES DE GARANT\u00cdA<\/span><\/strong><\/p>\n<div class=\"s6\"><span class=\"s4\">\u25cf <\/span><span class=\"s5\">La garant\u00eda del equipos es de <strong>2 a\u00f1os<\/strong>, ya que en este caso el equipo fue instalado por el Service Oficial KOSTEL.<\/span><\/div>\n<div class=\"s6\"><span class=\"s4\">\u25cf <\/span><span class=\"s5\">Se cubren <strong>desperfectos de <\/strong><\/span><strong>f\u00e1brica, verificados por KOSTEL<\/strong>, <span class=\"s5\">y desperfectos que puedan surgir debido a la instalaci\u00f3n realizada por el Service Oficial<\/span><\/div>\n<div class=\"s11\"><span class=\"s4\">\u25cf <\/span><span class=\"s5\">No cubre da\u00f1os hacia el equipo debido a la potencia el\u00e9ctrica del domicilio<\/span><\/div>\n<div><span class=\"s4\">\u25cf No cubre p\u00e9rdidas y\/o robos de unidades luego de la instalaci\u00f3n<\/span><\/div>\n<div><span class=\"s4\">\u25cf <\/span><span class=\"s5\">No cubre desperfectos o roturas por animales que puedan ingresar en la unidad<\/span><\/div>\n<\/div><\/div><\/div><\/div><\/div><\/p>\n","protected":false},"excerpt":{"rendered":"","protected":false},"author":1,"featured_media":0,"parent":0,"menu_order":0,"comment_status":"closed","ping_status":"closed","template":"100-width.php","meta":{"footnotes":""},"class_list":["post-21208","page","type-page","status-publish","hentry"],"_links":{"self":[{"href":"https:\/\/greenwind.online\/site\/wp-json\/wp\/v2\/pages\/21208","targetHints":{"allow":["GET"]}}],"collection":[{"href":"https:\/\/greenwind.online\/site\/wp-json\/wp\/v2\/pages"}],"about":[{"href":"https:\/\/greenwind.online\/site\/wp-json\/wp\/v2\/types\/page"}],"author":[{"embeddable":true,"href":"https:\/\/greenwind.online\/site\/wp-json\/wp\/v2\/users\/1"}],"replies":[{"embeddable":true,"href":"https:\/\/greenwind.online\/site\/wp-json\/wp\/v2\/comments?post=21208"}],"version-history":[{"count":30,"href":"https:\/\/greenwind.online\/site\/wp-json\/wp\/v2\/pages\/21208\/revisions"}],"predecessor-version":[{"id":21330,"href":"https:\/\/greenwind.online\/site\/wp-json\/wp\/v2\/pages\/21208\/revisions\/21330"}],"wp:attachment":[{"href":"https:\/\/greenwind.online\/site\/wp-json\/wp\/v2\/media?parent=21208"}],"curies":[{"name":"wp","href":"https:\/\/api.w.org\/{rel}","templated":true}]}}